{"id":37,"date":"2021-02-24T14:48:38","date_gmt":"2021-02-24T13:48:38","guid":{"rendered":"http:\/\/www.ramberg.it\/tanjaz\/wordpress\/?page_id=37"},"modified":"2021-02-26T00:00:25","modified_gmt":"2021-02-25T23:00:25","slug":"ridskolan","status":"publish","type":"page","link":"https:\/\/www.ramberg.it\/tanjaz\/wordpress\/ridskolan\/","title":{"rendered":"Ridskolan"},"content":{"rendered":"\n<p>Shetlandsponny -30min- x5 =500kr<br>Islandsh\u00e4st -30min -x5=625kr<br>Islandsh\u00e4st &#8211; 55min -x5=1000kr<br>Vi k\u00f6r fram till p\u00e5sken och startar ny omg\u00e5ng efter p\u00e5sklovet Efter p\u00e5sklovet startar \u00e4ven v\u00e5ra uterittsgrupper. F\u00f6r att anm\u00e4la er skriv i pm <br>p\u00e5 Facebook: <a href=\"https:\/\/www.facebook.com\/TanjaZ-1557924344502275\" target=\"_blank\" rel=\"noreferrer noopener\">TanjaZ<\/a> \u00f6nskad dag och tid , vilken grupp och ridvana . Vi f\u00f6ljer Corona restriktioner och man beh\u00f6ver st\u00e4lla in pga .sjukdom finns det m\u00f6jlighet att rida igen.<\/p>\n","protected":false},"excerpt":{"rendered":"<p>Shetlandsponny -30min- x5 =500krIslandsh\u00e4st -30min -x5=625krIslandsh\u00e4st &#8211; 55min -x5=1000krVi k\u00f6r fram till p\u00e5sken och startar ny omg\u00e5ng efter p\u00e5sklovet Efter p\u00e5sklovet startar \u00e4ven v\u00e5ra uterittsgrupper. F\u00f6r att anm\u00e4la er skriv i pm p\u00e5 Facebook: TanjaZ \u00f6nskad dag och tid , vilken grupp och ridvana . Vi f\u00f6ljer Corona restriktioner och man beh\u00f6ver st\u00e4lla in pga&#8230;<\/p>\n","protected":false},"author":1,"featured_media":0,"parent":0,"menu_order":0,"comment_status":"closed","ping_status":"closed","template":"","meta":[],"_links":{"self":[{"href":"https:\/\/www.ramberg.it\/tanjaz\/wordpress\/wp-json\/wp\/v2\/pages\/37"}],"collection":[{"href":"https:\/\/www.ramberg.it\/tanjaz\/wordpress\/wp-json\/wp\/v2\/pages"}],"about":[{"href":"https:\/\/www.ramberg.it\/tanjaz\/wordpress\/wp-json\/wp\/v2\/types\/page"}],"author":[{"embeddable":true,"href":"https:\/\/www.ramberg.it\/tanjaz\/wordpress\/wp-json\/wp\/v2\/users\/1"}],"replies":[{"embeddable":true,"href":"https:\/\/www.ramberg.it\/tanjaz\/wordpress\/wp-json\/wp\/v2\/comments?post=37"}],"version-history":[{"count":5,"href":"https:\/\/www.ramberg.it\/tanjaz\/wordpress\/wp-json\/wp\/v2\/pages\/37\/revisions"}],"predecessor-version":[{"id":106,"href":"https:\/\/www.ramberg.it\/tanjaz\/wordpress\/wp-json\/wp\/v2\/pages\/37\/revisions\/106"}],"wp:attachment":[{"href":"https:\/\/www.ramberg.it\/tanjaz\/wordpress\/wp-json\/wp\/v2\/media?parent=37"}],"curies":[{"name":"wp","href":"https:\/\/api.w.org\/{rel}","templated":true}]}}